{"id":133,"date":"2021-07-20T22:46:27","date_gmt":"2021-07-20T20:46:27","guid":{"rendered":"http:\/\/autour-emeric-et-anthony.fr\/?page_id=133"},"modified":"2021-07-22T20:29:39","modified_gmt":"2021-07-22T18:29:39","slug":"contact","status":"publish","type":"page","link":"https:\/\/autour-emeric-et-anthony.fr\/index.php\/contact\/","title":{"rendered":"Contact"},"content":{"rendered":"\n<p>Adresse Postale : Association Autour d&rsquo;Emeric et Anthony<br>                                19 Bis rue de la croix nergan<br>                                22980 Vild\u00e9-Guingalan<\/p>\n\n\n\n<p>T\u00e9l\u00e9phone :          02 96 82 11 85<br>                               06 50 60 26 17<br>                               06 66 55 98 80<\/p>\n\n\n\n<p>Mail :                     autour.emericetanthony@gmail.com<br><\/p>\n\n\n\n<p><br><\/p>\n","protected":false},"excerpt":{"rendered":"<p>Adresse Postale : Association Autour d&rsquo;Emeric et Anthony 19 Bis rue de la croix nergan 22980 Vild\u00e9-Guingalan T\u00e9l\u00e9phone : 02 96 82 11 85 06 50 60 26 17 06 66 55 98 80 Mail : autour.emericetanthony@gmail.com<\/p>\n","protected":false},"author":1,"featured_media":0,"parent":0,"menu_order":0,"comment_status":"closed","ping_status":"closed","template":"","meta":{"footnotes":""},"class_list":["post-133","page","type-page","status-publish","czr-hentry"],"_links":{"self":[{"href":"https:\/\/autour-emeric-et-anthony.fr\/index.php\/wp-json\/wp\/v2\/pages\/133","targetHints":{"allow":["GET"]}}],"collection":[{"href":"https:\/\/autour-emeric-et-anthony.fr\/index.php\/wp-json\/wp\/v2\/pages"}],"about":[{"href":"https:\/\/autour-emeric-et-anthony.fr\/index.php\/wp-json\/wp\/v2\/types\/page"}],"author":[{"embeddable":true,"href":"https:\/\/autour-emeric-et-anthony.fr\/index.php\/wp-json\/wp\/v2\/users\/1"}],"replies":[{"embeddable":true,"href":"https:\/\/autour-emeric-et-anthony.fr\/index.php\/wp-json\/wp\/v2\/comments?post=133"}],"version-history":[{"count":3,"href":"https:\/\/autour-emeric-et-anthony.fr\/index.php\/wp-json\/wp\/v2\/pages\/133\/revisions"}],"predecessor-version":[{"id":153,"href":"https:\/\/autour-emeric-et-anthony.fr\/index.php\/wp-json\/wp\/v2\/pages\/133\/revisions\/153"}],"wp:attachment":[{"href":"https:\/\/autour-emeric-et-anthony.fr\/index.php\/wp-json\/wp\/v2\/media?parent=133"}],"curies":[{"name":"wp","href":"https:\/\/api.w.org\/{rel}","templated":true}]}}